{"id":402,"date":"2017-07-06T07:06:54","date_gmt":"2017-07-06T00:06:54","guid":{"rendered":"http:\/\/phoboschildren.com\/game\/?page_id=402"},"modified":"2026-03-02T22:31:42","modified_gmt":"2026-03-02T13:31:42","slug":"es","status":"publish","type":"page","link":"https:\/\/phoboschildren.com\/game\/es\/","title":{"rendered":"Espa\u00f1ol"},"content":{"rendered":"\n<p class=\"has-text-align-center\"><meta charset=\"utf-8\"><meta charset=\"utf-8\"><strong><a href=\"https:\/\/phoboschildren.com\/game\/ja\/\" data-type=\"page\">\u65e5\u672c\u8a9e<\/a><\/strong><meta charset=\"utf-8\">\u3000|\u3000<strong><a href=\"https:\/\/phoboschildren.com\/game\/en\/\" data-type=\"page\" data-id=\"2\">ENGLISH<\/a><\/strong>\u3000|\u3000<strong>ESPA\u00d1OL<\/strong><\/p>\n\n\n\n<div style=\"height:48px\" aria-hidden=\"true\" class=\"wp-block-spacer\"><\/div>\n\n\n<div class=\"wp-block-image\">\n<figure class=\"aligncenter size-full is-resized\"><img loading=\"lazy\" decoding=\"async\" width=\"1000\" height=\"100\" src=\"https:\/\/phoboschildren.com\/game\/wp-content\/uploads\/2021\/09\/Coming-Soon-1.png\" alt=\"\" class=\"wp-image-1026\" style=\"width:750px\" srcset=\"https:\/\/phoboschildren.com\/game\/wp-content\/uploads\/2021\/09\/Coming-Soon-1.png 1000w, https:\/\/phoboschildren.com\/game\/wp-content\/uploads\/2021\/09\/Coming-Soon-1-300x30.png 300w, https:\/\/phoboschildren.com\/game\/wp-content\/uploads\/2021\/09\/Coming-Soon-1-768x77.png 768w\" sizes=\"auto, (max-width: 1000px) 100vw, 1000px\" \/><\/figure>\n<\/div>\n\n\n<div style=\"height:20px\" aria-hidden=\"true\" class=\"wp-block-spacer\"><\/div>\n\n\n\n<p class=\"has-text-align-center\">RPG de acci\u00f3n y puzzle para iOS y Android. <br>Pronto en las Stores.<\/p>\n\n\n\n<div style=\"height:33px\" aria-hidden=\"true\" class=\"wp-block-spacer\"><\/div>\n\n\n\n<p style=\"text-align: center;\"><iframe loading=\"lazy\" width=\"315\" height=\"560\" src=\"https:\/\/www.youtube.com\/embed\/fROR6Eaj2Ow\" title=\"YouTube video player\" frameborder=\"0\" allow=\"accelerometer; autoplay; clipboard-write; encrypted-media; gyroscope; picture-in-picture\" allowfullscreen=\"\"><\/iframe><\/p>\n\n\n\n<div style=\"height:10px\" aria-hidden=\"true\" class=\"wp-block-spacer\"><\/div>\n\n\n\n<p class=\"has-text-align-center\"><a rel=\"noreferrer noopener\" href=\"https:\/\/www.youtube.com\/channel\/UCXwHz7IZnp7FE7ClTQawOFg\" target=\"_blank\">&#x25b6;\ufe0e M\u00e1s videos en YouTube &#x25c0;\ufe0e<\/a><\/p>\n\n\n\n<div style=\"height:20px\" aria-hidden=\"true\" class=\"wp-block-spacer\"><\/div>\n\n\n\n<figure class=\"wp-block-table aligncenter\"><table><tbody><tr><td><img loading=\"lazy\" decoding=\"async\" width=\"300\" height=\"533\" class=\"wp-image-695\" style=\"width: 300px;\" src=\"https:\/\/phoboschildren.com\/game\/wp-content\/uploads\/2021\/09\/iPhone-ES-1-1.png\" alt=\"\" srcset=\"https:\/\/phoboschildren.com\/game\/wp-content\/uploads\/2021\/09\/iPhone-ES-1-1.png 563w, https:\/\/phoboschildren.com\/game\/wp-content\/uploads\/2021\/09\/iPhone-ES-1-1-169x300.png 169w\" sizes=\"auto, (max-width: 300px) 100vw, 300px\" \/><\/td><td><img loading=\"lazy\" decoding=\"async\" width=\"300\" height=\"533\" class=\"wp-image-694\" style=\"width: 300px;\" src=\"https:\/\/phoboschildren.com\/game\/wp-content\/uploads\/2021\/09\/iPhone-ES-2-1.png\" alt=\"\" srcset=\"https:\/\/phoboschildren.com\/game\/wp-content\/uploads\/2021\/09\/iPhone-ES-2-1.png 563w, https:\/\/phoboschildren.com\/game\/wp-content\/uploads\/2021\/09\/iPhone-ES-2-1-169x300.png 169w\" sizes=\"auto, (max-width: 300px) 100vw, 300px\" \/><\/td><td><img loading=\"lazy\" decoding=\"async\" width=\"300\" height=\"533\" class=\"wp-image-693\" style=\"width: 300px;\" src=\"https:\/\/phoboschildren.com\/game\/wp-content\/uploads\/2021\/09\/iPhone-ES-3-1.png\" alt=\"\" srcset=\"https:\/\/phoboschildren.com\/game\/wp-content\/uploads\/2021\/09\/iPhone-ES-3-1.png 563w, https:\/\/phoboschildren.com\/game\/wp-content\/uploads\/2021\/09\/iPhone-ES-3-1-169x300.png 169w\" sizes=\"auto, (max-width: 300px) 100vw, 300px\" \/><\/td><td><img loading=\"lazy\" decoding=\"async\" width=\"300\" height=\"533\" class=\"wp-image-692\" style=\"width: 300px;\" src=\"https:\/\/phoboschildren.com\/game\/wp-content\/uploads\/2021\/09\/iPhone-ES-4-1.png\" alt=\"\" srcset=\"https:\/\/phoboschildren.com\/game\/wp-content\/uploads\/2021\/09\/iPhone-ES-4-1.png 563w, https:\/\/phoboschildren.com\/game\/wp-content\/uploads\/2021\/09\/iPhone-ES-4-1-169x300.png 169w\" sizes=\"auto, (max-width: 300px) 100vw, 300px\" \/><\/td><\/tr><\/tbody><\/table><\/figure>\n\n\n\n<p class=\"has-text-align-center\"><a href=\"https:\/\/phoboschildren.com\/game\/screenshots-es\/\" data-type=\"page\">&#x25b6;\ufe0e M\u00e1s capturas de pantalla &#x25c0;\ufe0e<\/a><\/p>\n\n\n\n<div style=\"height:40px\" aria-hidden=\"true\" class=\"wp-block-spacer\"><\/div>\n\n\n<div class=\"wp-block-image\">\n<figure class=\"aligncenter size-full is-resized\"><img loading=\"lazy\" decoding=\"async\" width=\"1200\" height=\"80\" src=\"https:\/\/phoboschildren.com\/game\/wp-content\/uploads\/2021\/09\/CharacterBanner2.png\" alt=\"\" class=\"wp-image-720\" style=\"width:1200px\" srcset=\"https:\/\/phoboschildren.com\/game\/wp-content\/uploads\/2021\/09\/CharacterBanner2.png 1200w, https:\/\/phoboschildren.com\/game\/wp-content\/uploads\/2021\/09\/CharacterBanner2-300x20.png 300w, https:\/\/phoboschildren.com\/game\/wp-content\/uploads\/2021\/09\/CharacterBanner2-1024x68.png 1024w, https:\/\/phoboschildren.com\/game\/wp-content\/uploads\/2021\/09\/CharacterBanner2-768x51.png 768w, https:\/\/phoboschildren.com\/game\/wp-content\/uploads\/2021\/09\/CharacterBanner2-1140x76.png 1140w\" sizes=\"auto, (max-width: 1200px) 100vw, 1200px\" \/><\/figure>\n<\/div>\n\n\n<div style=\"height:15px\" aria-hidden=\"true\" class=\"wp-block-spacer\"><\/div>\n\n\n<div class=\"wp-block-image\">\n<figure class=\"aligncenter size-full is-resized\"><img loading=\"lazy\" decoding=\"async\" width=\"1200\" height=\"600\" src=\"https:\/\/phoboschildren.com\/game\/wp-content\/uploads\/2021\/09\/Reina-presentation-4.png\" alt=\"\" class=\"wp-image-904\" style=\"width:900px\" srcset=\"https:\/\/phoboschildren.com\/game\/wp-content\/uploads\/2021\/09\/Reina-presentation-4.png 1200w, https:\/\/phoboschildren.com\/game\/wp-content\/uploads\/2021\/09\/Reina-presentation-4-300x150.png 300w, https:\/\/phoboschildren.com\/game\/wp-content\/uploads\/2021\/09\/Reina-presentation-4-1024x512.png 1024w, https:\/\/phoboschildren.com\/game\/wp-content\/uploads\/2021\/09\/Reina-presentation-4-768x384.png 768w, https:\/\/phoboschildren.com\/game\/wp-content\/uploads\/2021\/09\/Reina-presentation-4-1080x540.png 1080w, https:\/\/phoboschildren.com\/game\/wp-content\/uploads\/2021\/09\/Reina-presentation-4-1140x570.png 1140w\" sizes=\"auto, (max-width: 1200px) 100vw, 1200px\" \/><\/figure>\n<\/div>\n\n\n<div style=\"height:15px\" aria-hidden=\"true\" class=\"wp-block-spacer\"><\/div>\n\n\n<div class=\"wp-block-image\">\n<figure class=\"aligncenter size-full is-resized\"><img loading=\"lazy\" decoding=\"async\" width=\"1200\" height=\"600\" src=\"https:\/\/phoboschildren.com\/game\/wp-content\/uploads\/2021\/09\/Shin-presentation.png\" alt=\"\" class=\"wp-image-906\" style=\"width:900px\" srcset=\"https:\/\/phoboschildren.com\/game\/wp-content\/uploads\/2021\/09\/Shin-presentation.png 1200w, https:\/\/phoboschildren.com\/game\/wp-content\/uploads\/2021\/09\/Shin-presentation-300x150.png 300w, https:\/\/phoboschildren.com\/game\/wp-content\/uploads\/2021\/09\/Shin-presentation-1024x512.png 1024w, https:\/\/phoboschildren.com\/game\/wp-content\/uploads\/2021\/09\/Shin-presentation-768x384.png 768w, https:\/\/phoboschildren.com\/game\/wp-content\/uploads\/2021\/09\/Shin-presentation-1080x540.png 1080w, https:\/\/phoboschildren.com\/game\/wp-content\/uploads\/2021\/09\/Shin-presentation-1140x570.png 1140w\" sizes=\"auto, (max-width: 1200px) 100vw, 1200px\" \/><\/figure>\n<\/div>\n\n\n<div style=\"height:16px\" aria-hidden=\"true\" class=\"wp-block-spacer\"><\/div>\n\n\n<div class=\"wp-block-image\">\n<figure class=\"aligncenter size-full is-resized\"><img loading=\"lazy\" decoding=\"async\" width=\"1200\" height=\"600\" src=\"https:\/\/phoboschildren.com\/game\/wp-content\/uploads\/2021\/09\/Achilles-presentation.png\" alt=\"\" class=\"wp-image-910\" style=\"width:900px\" srcset=\"https:\/\/phoboschildren.com\/game\/wp-content\/uploads\/2021\/09\/Achilles-presentation.png 1200w, https:\/\/phoboschildren.com\/game\/wp-content\/uploads\/2021\/09\/Achilles-presentation-300x150.png 300w, https:\/\/phoboschildren.com\/game\/wp-content\/uploads\/2021\/09\/Achilles-presentation-1024x512.png 1024w, https:\/\/phoboschildren.com\/game\/wp-content\/uploads\/2021\/09\/Achilles-presentation-768x384.png 768w, https:\/\/phoboschildren.com\/game\/wp-content\/uploads\/2021\/09\/Achilles-presentation-1080x540.png 1080w, https:\/\/phoboschildren.com\/game\/wp-content\/uploads\/2021\/09\/Achilles-presentation-1140x570.png 1140w\" sizes=\"auto, (max-width: 1200px) 100vw, 1200px\" \/><\/figure>\n<\/div>\n\n\n<div style=\"height:5px\" aria-hidden=\"true\" class=\"wp-block-spacer\"><\/div>\n\n\n<div class=\"wp-block-image\">\n<figure class=\"aligncenter size-full is-resized\"><img loading=\"lazy\" decoding=\"async\" width=\"1200\" height=\"600\" src=\"https:\/\/phoboschildren.com\/game\/wp-content\/uploads\/2021\/09\/Character-presentation.png\" alt=\"\" class=\"wp-image-914\" style=\"width:900px\" srcset=\"https:\/\/phoboschildren.com\/game\/wp-content\/uploads\/2021\/09\/Character-presentation.png 1200w, https:\/\/phoboschildren.com\/game\/wp-content\/uploads\/2021\/09\/Character-presentation-300x150.png 300w, https:\/\/phoboschildren.com\/game\/wp-content\/uploads\/2021\/09\/Character-presentation-1024x512.png 1024w, https:\/\/phoboschildren.com\/game\/wp-content\/uploads\/2021\/09\/Character-presentation-768x384.png 768w, https:\/\/phoboschildren.com\/game\/wp-content\/uploads\/2021\/09\/Character-presentation-1080x540.png 1080w, https:\/\/phoboschildren.com\/game\/wp-content\/uploads\/2021\/09\/Character-presentation-1140x570.png 1140w\" sizes=\"auto, (max-width: 1200px) 100vw, 1200px\" \/><\/figure>\n<\/div>\n\n<div class=\"wp-block-image\">\n<figure class=\"aligncenter size-full is-resized\"><img loading=\"lazy\" decoding=\"async\" width=\"1200\" height=\"600\" src=\"https:\/\/phoboschildren.com\/game\/wp-content\/uploads\/2021\/09\/Characters-presentation-1.png\" alt=\"\" class=\"wp-image-920\" style=\"width:900px\" srcset=\"https:\/\/phoboschildren.com\/game\/wp-content\/uploads\/2021\/09\/Characters-presentation-1.png 1200w, https:\/\/phoboschildren.com\/game\/wp-content\/uploads\/2021\/09\/Characters-presentation-1-300x150.png 300w, https:\/\/phoboschildren.com\/game\/wp-content\/uploads\/2021\/09\/Characters-presentation-1-1024x512.png 1024w, https:\/\/phoboschildren.com\/game\/wp-content\/uploads\/2021\/09\/Characters-presentation-1-768x384.png 768w, https:\/\/phoboschildren.com\/game\/wp-content\/uploads\/2021\/09\/Characters-presentation-1-1080x540.png 1080w, https:\/\/phoboschildren.com\/game\/wp-content\/uploads\/2021\/09\/Characters-presentation-1-1140x570.png 1140w\" sizes=\"auto, (max-width: 1200px) 100vw, 1200px\" \/><\/figure>\n<\/div>\n\n\n<p class=\"has-text-align-center\"><sup>\u00a1M\u00e1s de 200 personajes a coleccionar!<\/sup><\/p>\n\n\n\n<div style=\"height:20px\" aria-hidden=\"true\" class=\"wp-block-spacer\"><\/div>\n\n\n\n<figure class=\"wp-block-image size-full is-resized\"><img loading=\"lazy\" decoding=\"async\" width=\"1200\" height=\"80\" src=\"https:\/\/phoboschildren.com\/game\/wp-content\/uploads\/2021\/09\/MundoBanner.png\" alt=\"\" class=\"wp-image-889\" style=\"width:1200px\" srcset=\"https:\/\/phoboschildren.com\/game\/wp-content\/uploads\/2021\/09\/MundoBanner.png 1200w, https:\/\/phoboschildren.com\/game\/wp-content\/uploads\/2021\/09\/MundoBanner-300x20.png 300w, https:\/\/phoboschildren.com\/game\/wp-content\/uploads\/2021\/09\/MundoBanner-1024x68.png 1024w, https:\/\/phoboschildren.com\/game\/wp-content\/uploads\/2021\/09\/MundoBanner-768x51.png 768w, https:\/\/phoboschildren.com\/game\/wp-content\/uploads\/2021\/09\/MundoBanner-1140x76.png 1140w\" sizes=\"auto, (max-width: 1200px) 100vw, 1200px\" \/><\/figure>\n\n\n\n<div style=\"height:10px\" aria-hidden=\"true\" class=\"wp-block-spacer\"><\/div>\n\n\n<div class=\"wp-block-image\">\n<figure class=\"aligncenter size-full is-resized\"><img loading=\"lazy\" decoding=\"async\" width=\"1200\" height=\"300\" src=\"https:\/\/phoboschildren.com\/game\/wp-content\/uploads\/2021\/09\/World-presentation-1-1.png\" alt=\"\" class=\"wp-image-939\" style=\"width:900px\" srcset=\"https:\/\/phoboschildren.com\/game\/wp-content\/uploads\/2021\/09\/World-presentation-1-1.png 1200w, https:\/\/phoboschildren.com\/game\/wp-content\/uploads\/2021\/09\/World-presentation-1-1-300x75.png 300w, https:\/\/phoboschildren.com\/game\/wp-content\/uploads\/2021\/09\/World-presentation-1-1-1024x256.png 1024w, https:\/\/phoboschildren.com\/game\/wp-content\/uploads\/2021\/09\/World-presentation-1-1-768x192.png 768w, https:\/\/phoboschildren.com\/game\/wp-content\/uploads\/2021\/09\/World-presentation-1-1-1140x285.png 1140w\" sizes=\"auto, (max-width: 1200px) 100vw, 1200px\" \/><\/figure>\n<\/div>\n\n\n<div style=\"height:24px\" aria-hidden=\"true\" class=\"wp-block-spacer\"><\/div>\n\n\n\n<p>A\u00f1o 2326. La I.S.S. Fobos, una estaci\u00f3n espacial que orbita alrededor de un planeta llamado \u201cSaia\u201d, es repentinamente atacada y evacuada.&nbsp;<\/p>\n\n\n\n<div style=\"height:20px\" aria-hidden=\"true\" class=\"wp-block-spacer\"><\/div>\n\n\n<div class=\"wp-block-image\">\n<figure class=\"aligncenter\"><img loading=\"lazy\" decoding=\"async\" width=\"1200\" height=\"300\" src=\"https:\/\/phoboschildren.com\/game\/wp-content\/uploads\/2021\/09\/World-presentation-2.png\" alt=\"\" class=\"wp-image-928\" srcset=\"https:\/\/phoboschildren.com\/game\/wp-content\/uploads\/2021\/09\/World-presentation-2.png 1200w, https:\/\/phoboschildren.com\/game\/wp-content\/uploads\/2021\/09\/World-presentation-2-300x75.png 300w, https:\/\/phoboschildren.com\/game\/wp-content\/uploads\/2021\/09\/World-presentation-2-1024x256.png 1024w, https:\/\/phoboschildren.com\/game\/wp-content\/uploads\/2021\/09\/World-presentation-2-768x192.png 768w, https:\/\/phoboschildren.com\/game\/wp-content\/uploads\/2021\/09\/World-presentation-2-1140x285.png 1140w\" sizes=\"auto, (max-width: 1200px) 100vw, 1200px\" \/><\/figure>\n<\/div>\n\n\n<div style=\"height:25px\" aria-hidden=\"true\" class=\"wp-block-spacer\"><\/div>\n\n\n\n<p>Veinte a\u00f1os despu\u00e9s del \u201cIncidente de Fobos\u201d, la humanidad vuelve a Saia a recuperar lo que perdi\u00f3. Reina D\u00edaz-Tachibana, una soldado joven y prometedora parte a cumplir su misi\u00f3n, y tambi\u00e9n a encontrar a su familia.&nbsp;<\/p>\n\n\n\n<div style=\"height:20px\" aria-hidden=\"true\" class=\"wp-block-spacer\"><\/div>\n\n\n<div class=\"wp-block-image\">\n<figure class=\"aligncenter size-full is-resized\"><img loading=\"lazy\" decoding=\"async\" width=\"1200\" height=\"300\" src=\"https:\/\/phoboschildren.com\/game\/wp-content\/uploads\/2021\/09\/World-presentation-3.png\" alt=\"\" class=\"wp-image-929\" style=\"width:900px\" srcset=\"https:\/\/phoboschildren.com\/game\/wp-content\/uploads\/2021\/09\/World-presentation-3.png 1200w, https:\/\/phoboschildren.com\/game\/wp-content\/uploads\/2021\/09\/World-presentation-3-300x75.png 300w, https:\/\/phoboschildren.com\/game\/wp-content\/uploads\/2021\/09\/World-presentation-3-1024x256.png 1024w, https:\/\/phoboschildren.com\/game\/wp-content\/uploads\/2021\/09\/World-presentation-3-768x192.png 768w, https:\/\/phoboschildren.com\/game\/wp-content\/uploads\/2021\/09\/World-presentation-3-1140x285.png 1140w\" sizes=\"auto, (max-width: 1200px) 100vw, 1200px\" \/><\/figure>\n<\/div>\n\n\n<div style=\"height:25px\" aria-hidden=\"true\" class=\"wp-block-spacer\"><\/div>\n\n\n\n<p>Mientras, una inteligencia artificial llamada Shin investiga desde dentro de la estaci\u00f3n, y descubre nuevas pistas sobre el incierto origen del incidente. En Saia, una joven llamada Cl\u00edo despierta por error a Aquiles, que llevaba 3000 a\u00f1os en letargo como castigo tras la Guerra de Troya.<\/p>\n\n\n\n<div style=\"height:45px\" aria-hidden=\"true\" class=\"wp-block-spacer\"><\/div>\n\n\n<div class=\"wp-block-image\">\n<figure class=\"aligncenter size-full is-resized\"><img loading=\"lazy\" decoding=\"async\" width=\"1200\" height=\"80\" src=\"https:\/\/phoboschildren.com\/game\/wp-content\/uploads\/2021\/09\/SocialBanners3.png\" alt=\"\" class=\"wp-image-727\" style=\"width:1200px\" srcset=\"https:\/\/phoboschildren.com\/game\/wp-content\/uploads\/2021\/09\/SocialBanners3.png 1200w, https:\/\/phoboschildren.com\/game\/wp-content\/uploads\/2021\/09\/SocialBanners3-300x20.png 300w, https:\/\/phoboschildren.com\/game\/wp-content\/uploads\/2021\/09\/SocialBanners3-1024x68.png 1024w, https:\/\/phoboschildren.com\/game\/wp-content\/uploads\/2021\/09\/SocialBanners3-768x51.png 768w, https:\/\/phoboschildren.com\/game\/wp-content\/uploads\/2021\/09\/SocialBanners3-1140x76.png 1140w\" sizes=\"auto, (max-width: 1200px) 100vw, 1200px\" \/><\/figure>\n<\/div>\n\n\n<div class=\"wp-block-columns are-vertically-aligned-center is-layout-flex wp-container-core-columns-is-layout-28f84493 wp-block-columns-is-layout-flex\">\n<div class=\"wp-block-column is-vertically-aligned-center is-layout-flow wp-block-column-is-layout-flow\">\n<p style=\"text-align: center;\"><img decoding=\"async\" src=\"https:\/\/phoboschildren.com\/game\/wp-content\/uploads\/2021\/09\/Twitter-title.png\">\n<p style=\"text-align: center;\">\n<a class=\"twitter-timeline\" data-width=\"380\" data-height=\"500\" data-theme=\"dark\" href=\"https:\/\/twitter.com\/PhobosChildren?ref_src=twsrc%5Etfw\">Tweets by PhobosChildren<\/a> <script async src=\"https:\/\/platform.twitter.com\/widgets.js\" charset=\"utf-8\"><\/script><\/p>\n<br>\n<\/div>\n\n\n\n<div class=\"wp-block-column is-layout-flow wp-block-column-is-layout-flow\">\n<p style=\"text-align: center;\">\n<a href = \"https:\/\/phoboschildren.com\/game\/newsletter\/\"><img decoding=\"async\" src=\"https:\/\/phoboschildren.com\/game\/wp-content\/uploads\/2021\/09\/Fobochiru-mail-magazine.png\"><\/a>\n<p style=\"text-align: center;\">Suscr\u00edbete para recibir noticias, <br>consejos y trucos directamente en tu e-mail.\n<\/div>\n<\/div>\n\n\n\n<figure class=\"wp-block-table aligncenter\"><table><tbody><tr><td><a href=\"https:\/\/x.com\/PhobosChildren\"><img loading=\"lazy\" decoding=\"async\" width=\"80\" height=\"80\" class=\"wp-image-1892\" style=\"width: 80px;\" src=\"https:\/\/phoboschildren.com\/game\/wp-content\/uploads\/2026\/03\/X-ball.png\" alt=\"\" srcset=\"https:\/\/phoboschildren.com\/game\/wp-content\/uploads\/2026\/03\/X-ball.png 100w, https:\/\/phoboschildren.com\/game\/wp-content\/uploads\/2026\/03\/X-ball-75x75.png 75w\" sizes=\"auto, (max-width: 80px) 100vw, 80px\" \/><\/a><\/td><td><a href=\"http:\/\/instagram.com\/phoboschildren\"><img decoding=\"async\" src=\"https:\/\/phoboschildren.com\/game\/wp-content\/uploads\/2021\/09\/Instagram-ball-1.png\" alt=\"\" style=\"width: 80px;\"><\/a><\/td><td><a href=\"https:\/\/www.youtube.com\/channel\/UCXwHz7IZnp7FE7ClTQawOFg\"><img decoding=\"async\" src=\"https:\/\/phoboschildren.com\/game\/wp-content\/uploads\/2021\/09\/YouTube-ball-1.png\" alt=\"\" style=\"width: 80px;\"><\/a><\/td><td><a href=\"https:\/\/phoboschildren.com\/game\/newsletter\/\"><img decoding=\"async\" style=\"width: 80px;\" src=\"https:\/\/phoboschildren.com\/game\/wp-content\/uploads\/2021\/09\/Mailmaga-ball-1.png\" alt=\"\"><\/a><\/td><td><a href=\"https:\/\/discord.gg\/fHxaqYeAvv\"><img loading=\"lazy\" decoding=\"async\" width=\"80\" height=\"80\" class=\"wp-image-791\" style=\"width: 80px;\" src=\"https:\/\/phoboschildren.com\/game\/wp-content\/uploads\/2021\/09\/Discord-ball.png\" alt=\"\" srcset=\"https:\/\/phoboschildren.com\/game\/wp-content\/uploads\/2021\/09\/Discord-ball.png 100w, https:\/\/phoboschildren.com\/game\/wp-content\/uploads\/2021\/09\/Discord-ball-75x75.png 75w\" sizes=\"auto, (max-width: 80px) 100vw, 80px\" \/><\/a><\/td><td><a href=\"https:\/\/www.reddit.com\/r\/PhobosChildren\/\"><img loading=\"lazy\" decoding=\"async\" width=\"80\" height=\"80\" class=\"wp-image-796\" style=\"width: 80px;\" src=\"https:\/\/phoboschildren.com\/game\/wp-content\/uploads\/2021\/09\/Reddit-ball.png\" alt=\"\" srcset=\"https:\/\/phoboschildren.com\/game\/wp-content\/uploads\/2021\/09\/Reddit-ball.png 100w, https:\/\/phoboschildren.com\/game\/wp-content\/uploads\/2021\/09\/Reddit-ball-75x75.png 75w\" sizes=\"auto, (max-width: 80px) 100vw, 80px\" \/><\/a><\/td><\/tr><\/tbody><\/table><\/figure>\n\n\n\n<div style=\"height:27px\" aria-hidden=\"true\" class=\"wp-block-spacer\"><\/div>\n\n\n<div class=\"wp-block-image\">\n<figure class=\"aligncenter size-full is-resized\"><a href=\"https:\/\/phoboschildren.com\/lite\/es\/\" target=\"_blank\" rel=\"noopener\"><img loading=\"lazy\" decoding=\"async\" width=\"564\" height=\"120\" src=\"https:\/\/phoboschildren.com\/game\/wp-content\/uploads\/2021\/09\/LiteNewsES.png\" alt=\"\" class=\"wp-image-829\" style=\"width:564px\" srcset=\"https:\/\/phoboschildren.com\/game\/wp-content\/uploads\/2021\/09\/LiteNewsES.png 564w, https:\/\/phoboschildren.com\/game\/wp-content\/uploads\/2021\/09\/LiteNewsES-300x64.png 300w\" sizes=\"auto, (max-width: 564px) 100vw, 564px\" \/><\/a><\/figure>\n<\/div>\n\n\n<p class=\"has-text-align-center\"><a href=\"https:\/\/phoboschildren.com\/lite\/es\/\">&#x25b6;\ufe0e Toca para ver las noticias &#x25c0;\ufe0e <\/a><\/p>\n\n\n\n<div style=\"height:34px\" aria-hidden=\"true\" class=\"wp-block-spacer\"><\/div>\n\n\n\n<h3 class=\"wp-block-heading has-text-align-center\"><strong>HISTORIA DEL JUEGO<\/strong><\/h3>\n\n\n\n<ul class=\"wp-block-list\">\n<li><strong>Marzo 2014:<\/strong> Primera aparici\u00f3n en el Kyoto BitSummit. <\/li>\n\n\n\n<li><strong>Septiembre 2015:<\/strong> Presentado en el Tokyo Game Show 2014<\/li>\n\n\n\n<li><strong>Septiembre 2015: <\/strong>Presentado en el Tokyo Game Show 2015<\/li>\n\n\n\n<li><strong>Noviembre 2016:<\/strong> Lanzada la primera beta<\/li>\n\n\n\n<li><strong>Mayo 2017:<\/strong> Soft launch en dispositivos iOS<\/li>\n\n\n\n<li><strong>Mayo 2018:<\/strong> Retirado de la App Store para una revisi\u00f3n general.<\/li>\n\n\n\n<li><strong>Octubre 2023:<\/strong> Finalizada la versi\u00f3n de iOS. Comienzo de la versi\u00f3n de Android<\/li>\n\n\n\n<li><strong>Noviembre 2025:<\/strong> Finalizada la versi\u00f3n de Android<\/li>\n\n\n\n<li><strong>Diciembre 2025 &#8211; Hoy:<\/strong> \u00daltimos test, preparativos de marketing para el anuncio del lanzamiento<\/li>\n<\/ul>\n\n\n\n<div style=\"height:34px\" aria-hidden=\"true\" class=\"wp-block-spacer\"><\/div>\n\n\n\n<hr class=\"wp-block-separator has-css-opacity is-style-wide\"\/>\n\n\n\n<div style=\"height:33px\" aria-hidden=\"true\" class=\"wp-block-spacer\"><\/div>\n\n\n\n<div class=\"wp-block-columns are-vertically-aligned-center is-layout-flex wp-container-core-columns-is-layout-28f84493 wp-block-columns-is-layout-flex\">\n<div class=\"wp-block-column is-vertically-aligned-center is-layout-flow wp-block-column-is-layout-flow\"><div class=\"wp-block-image\">\n<figure class=\"aligncenter size-full is-resized\"><img loading=\"lazy\" decoding=\"async\" width=\"800\" height=\"400\" src=\"https:\/\/phoboschildren.com\/game\/wp-content\/uploads\/2026\/03\/Phobos-Children-Logo-white-big-shadow.png\" alt=\"\" class=\"wp-image-1862\" style=\"width:400px;height:178px\" srcset=\"https:\/\/phoboschildren.com\/game\/wp-content\/uploads\/2026\/03\/Phobos-Children-Logo-white-big-shadow.png 800w, https:\/\/phoboschildren.com\/game\/wp-content\/uploads\/2026\/03\/Phobos-Children-Logo-white-big-shadow-300x150.png 300w, https:\/\/phoboschildren.com\/game\/wp-content\/uploads\/2026\/03\/Phobos-Children-Logo-white-big-shadow-768x384.png 768w\" sizes=\"auto, (max-width: 800px) 100vw, 800px\" \/><\/figure>\n<\/div><\/div>\n\n\n\n<div class=\"wp-block-column is-vertically-aligned-center is-layout-flow wp-block-column-is-layout-flow\">\n<figure class=\"wp-block-table\"><table><tbody><tr><td class=\"has-text-align-right\" data-align=\"right\"><meta charset=\"utf-8\"><strong>Nombre:<\/strong><br><strong>Sistema:<br><meta charset=\"utf-8\">G\u00e9nero:<br><meta charset=\"utf-8\"><\/strong><br><strong>Precio:<\/strong><br><strong><br><meta charset=\"utf-8\">Idiomas:<\/strong><\/td><td>Phobos Children<br>iOS, Android<br>RPG de toques a <br>alta velocidad<br>Gratis con compras <br>integradas<br>Espa\u00f1ol, ingl\u00e9s, japon\u00e9s<\/td><\/tr><\/tbody><\/table><\/figure>\n<\/div>\n<\/div>\n\n\n\n<div style=\"height:44px\" aria-hidden=\"true\" class=\"wp-block-spacer\"><\/div>\n\n\n\n<p class=\"has-text-align-center\"><strong><a rel=\"noreferrer noopener\" href=\"https:\/\/phoboschildren.com\/lite\/terms-conditions-es\/\" target=\"_blank\"><b>P<\/b>ol\u00edtica de privacidad<\/a><\/strong><\/p>\n\n\n\n<div style=\"height:29px\" aria-hidden=\"true\" class=\"wp-block-spacer\"><\/div>\n","protected":false},"excerpt":{"rendered":"<p>\u65e5\u672c\u8a9e\u3000|\u3000ENGLISH\u3000|\u3000ESPA\u00d1OL RPG de acci\u00f3n y puzzle para iOS y Android. Pronto en las Stores. &#x25b6;\ufe0e M\u00e1s videos en YouTube &#x25c0;\ufe0e &#x25b6;\ufe0e M\u00e1s capturas de pantalla &#x25c0;\ufe0e \u00a1M\u00e1s de 200 personajes a coleccionar! A\u00f1o 2326. La I.S.S. Fobos, una estaci\u00f3n espacial que orbita alrededor de un planeta llamado \u201cSaia\u201d, es repentinamente atacada y evacuada.&nbsp; Veinte a\u00f1os despu\u00e9s del \u201cIncidente de Fobos\u201d, la humanidad vuelve a Saia a recuperar lo que perdi\u00f3. Reina D\u00edaz-Tachibana, una soldado joven y prometedora parte a cumplir su misi\u00f3n, y tambi\u00e9n a encontrar a su familia.&nbsp; Mientras, una inteligencia artificial llamada Shin investiga desde dentro de la estaci\u00f3n, y descubre nuevas pistas sobre el incierto origen del incidente. En Saia, una joven llamada Cl\u00edo despierta por error a Aquiles, que llevaba 3000 a\u00f1os en letargo como castigo tras la Guerra de Troya. Tweets by PhobosChildren Suscr\u00edbete para recibir noticias, consejos y trucos directamente en tu e-mail. &#x25b6;\ufe0e Toca para ver las noticias &#x25c0;\ufe0e HISTORIA DEL JUEGO Nombre:Sistema:G\u00e9nero:Precio:Idiomas: Phobos ChildreniOS, AndroidRPG de toques a alta velocidadGratis con compras integradasEspa\u00f1ol, ingl\u00e9s, japon\u00e9s Pol\u00edtica de privacidad<\/p>\n","protected":false},"author":1,"featured_media":0,"parent":0,"menu_order":0,"comment_status":"closed","ping_status":"closed","template":"","meta":{"footnotes":""},"class_list":["post-402","page","type-page","status-publish","hentry"],"_links":{"self":[{"href":"https:\/\/phoboschildren.com\/game\/wp-json\/wp\/v2\/pages\/402","targetHints":{"allow":["GET"]}}],"collection":[{"href":"https:\/\/phoboschildren.com\/game\/wp-json\/wp\/v2\/pages"}],"about":[{"href":"https:\/\/phoboschildren.com\/game\/wp-json\/wp\/v2\/types\/page"}],"author":[{"embeddable":true,"href":"https:\/\/phoboschildren.com\/game\/wp-json\/wp\/v2\/users\/1"}],"replies":[{"embeddable":true,"href":"https:\/\/phoboschildren.com\/game\/wp-json\/wp\/v2\/comments?post=402"}],"version-history":[{"count":236,"href":"https:\/\/phoboschildren.com\/game\/wp-json\/wp\/v2\/pages\/402\/revisions"}],"predecessor-version":[{"id":1902,"href":"https:\/\/phoboschildren.com\/game\/wp-json\/wp\/v2\/pages\/402\/revisions\/1902"}],"wp:attachment":[{"href":"https:\/\/phoboschildren.com\/game\/wp-json\/wp\/v2\/media?parent=402"}],"curies":[{"name":"wp","href":"https:\/\/api.w.org\/{rel}","templated":true}]}}