{"id":120,"date":"2017-02-12T20:17:16","date_gmt":"2017-02-12T11:17:16","guid":{"rendered":"http:\/\/phoboschildren.com\/lite\/?page_id=120"},"modified":"2022-08-29T22:07:25","modified_gmt":"2022-08-29T13:07:25","slug":"event-info-es","status":"publish","type":"page","link":"https:\/\/phoboschildren.com\/lite\/event-info-es\/","title":{"rendered":"Informaci\u00f3n del evento"},"content":{"rendered":"<div class=\"wp-block-image\">\n<figure class=\"aligncenter\"><img loading=\"lazy\" decoding=\"async\" width=\"564\" height=\"120\" src=\"https:\/\/phoboschildren.com\/lite\/wp-content\/uploads\/2021\/06\/LiteEventES.png\" alt=\"\" class=\"wp-image-1063\" srcset=\"https:\/\/phoboschildren.com\/lite\/wp-content\/uploads\/2021\/06\/LiteEventES.png 564w, https:\/\/phoboschildren.com\/lite\/wp-content\/uploads\/2021\/06\/LiteEventES-300x64.png 300w\" sizes=\"auto, (max-width: 564px) 85vw, 564px\" \/><\/figure>\n<\/div>\n\n\n<p class=\"has-text-align-center\"><strong><a href=\"https:\/\/phoboschildren.com\/lite\/es\/\"><strong><a href=\"https:\/\/phoboschildren.com\/lite\/es\/\" data-type=\"page\" data-id=\"32\">NOTICIAS<\/a><\/strong><\/a><\/strong>\u3000|\u3000<strong><a href=\"https:\/\/phoboschildren.com\/lite\/gacha-info-es\/\">GACHA<\/a><\/strong>\u3000|\u3000<strong><strong><a href=\"https:\/\/phoboschildren.com\/lite\/schedule-es\/\" data-type=\"page\" data-id=\"961\">EVENTOS<\/a><\/strong><\/strong>\u3000|\u3000<strong><a href=\"https:\/\/phoboschildren.com\/lite\/help-es\/\" data-type=\"page\" data-id=\"36\">AYUDA<\/a><\/strong><\/p>\n\n\n<div class=\"wp-block-image\">\n<figure class=\"aligncenter\"><img loading=\"lazy\" decoding=\"async\" width=\"470\" height=\"100\" src=\"https:\/\/phoboschildren.com\/lite\/wp-content\/uploads\/2017\/09\/PixelWorldBanner.png\" alt=\"\" class=\"wp-image-663\" srcset=\"https:\/\/phoboschildren.com\/lite\/wp-content\/uploads\/2017\/09\/PixelWorldBanner.png 470w, https:\/\/phoboschildren.com\/lite\/wp-content\/uploads\/2017\/09\/PixelWorldBanner-300x64.png 300w\" sizes=\"auto, (max-width: 470px) 85vw, 470px\" \/><\/figure>\n<\/div>\n\n\n<h5 class=\"has-text-align-center wp-block-heading\"><strong>PIXEL WORLD<\/strong><\/h5>\n\n\n\n<p class=\"has-text-align-center\">(<a href=\"#time\">Comprueba la hora UTC<\/a>)<strong><br><\/strong><\/p>\n\n\n\n<p><em><strong>Calentamiento:<br><\/strong>2017.11.06 &#8211; 2017.11.11 (00:00 UTC)<br><strong> Periodo del evento:<br><\/strong>2017.11.11 &#8211; 2017.12.04 (00:00 UTC)<br><strong>Enfriamiento:<br><\/strong>2017.12.04 &nbsp;&#8211;&nbsp;2017.12.09 (00:00 UTC)<br><\/em><\/p>\n\n\n\n<hr class=\"wp-block-separator has-alpha-channel-opacity\"\/>\n\n\n\n<p><b>\u00cdndice<\/b><\/p>\n\n\n\n<p>1. <a href=\"#1\">Pantalla del evento<\/a><br>2. <a href=\"#2\">Pantallas de historia<\/a><br>3. <a href=\"#3\">Misiones de EP<\/a><br>4. <a href=\"#4\">Premio especial<\/a><br>5. <a href=\"#5\">Gacha del evento<\/a><\/p>\n\n\n\n<hr class=\"wp-block-separator has-alpha-channel-opacity\"\/>\n\n\n\n<p class=\"has-text-align-left\" id=\"1\"><strong>1. Pantalla del evento<\/strong><\/p>\n\n\n<div class=\"wp-block-image\">\n<figure class=\"aligncenter\"><img loading=\"lazy\" decoding=\"async\" width=\"300\" height=\"534\" src=\"https:\/\/phoboschildren.com\/lite\/wp-content\/uploads\/2017\/02\/pixel-world-screen-web.png\" alt=\"\" class=\"wp-image-740\" srcset=\"https:\/\/phoboschildren.com\/lite\/wp-content\/uploads\/2017\/02\/pixel-world-screen-web.png 300w, https:\/\/phoboschildren.com\/lite\/wp-content\/uploads\/2017\/02\/pixel-world-screen-web-169x300.png 169w\" sizes=\"auto, (max-width: 300px) 85vw, 300px\" \/><\/figure>\n<\/div>\n\n\n<p>La pantalla principal del evento tiene dos secciones, &#8220;<strong>Historia del evento<\/strong>&#8221; y &#8220;<strong>Consigue EP<\/strong>&#8220;. El objetivo es conseguir un perfect en todas las misiones de la historia y 30.000 EP (puntos del evento, &#8220;Event Points&#8221;).<\/p>\n\n\n\n<hr class=\"wp-block-separator has-alpha-channel-opacity\"\/>\n\n\n\n<p><strong id=\"2\">2. Pantallas de historia (&#8220;Historia del evento&#8221;)<\/strong><\/p>\n\n\n\n<p>La &#8220;Historia del evento&#8221; son misiones de historia normales: se sigue la historia y se consiguen premios. Si se consigue un perfect en todas las misiones, se obtiene un personaje de Rango B, <strong>Monsterhythm<\/strong>.<\/p>\n\n\n<div class=\"wp-block-image\">\n<figure class=\"aligncenter\"><img loading=\"lazy\" decoding=\"async\" width=\"100\" height=\"150\" src=\"https:\/\/phoboschildren.com\/lite\/wp-content\/uploads\/2017\/02\/m808.png\" alt=\"\" class=\"wp-image-705\"\/><\/figure>\n<\/div>\n\n\n<p>Monsterhythm tiene una skill (habilidad) pasiva que multiplica el n\u00famero de EPs conseguidos por un factor de 1.2. Hay otros personajes que tienen multiplicador de EP durante el periodo del evento; puedes conseguirlos en las propias misiones del evento o bien en el gacha.<\/p>\n\n\n\n<hr class=\"wp-block-separator has-alpha-channel-opacity\"\/>\n\n\n\n<p><strong id=\"3\">3. Misiones de EP (&#8220;Conseguir EP&#8221;)<\/strong><\/p>\n\n\n\n<p>En las misiones de EP se pueden conseguir puntos del evento al completar una misi\u00f3n, y si se consigue un perfect, EP extra como recompensa. Se puede conseguir la recompensa por perfect cada vez que se juega.<\/p>\n\n\n\n<p><em>TRUCO: al poner m\u00e1s de un personaje con bonificaci\u00f3n pasiva a la EP en el equipo, el valor final corresponder\u00e1 al total de todos los multiplicadores. La bonificaci\u00f3n se aplica a los EPs conseguidos de forma regular en la pantalla, y no a los EP conseguidos como premio por perfect.<\/em><\/p>\n\n\n\n<p>Despu\u00e9s de conseguir EPs, el n\u00famero total de EP aumentar\u00e1. Dependiendo de la cantidad de EP se podr\u00e1 acceder a diferentes premios. Una vez finalizado el evento, es posible reclamar los premios pendientes durante un plazo de 5 d\u00edas (el &#8220;periodo de enfriamiento&#8221;).<\/p>\n\n\n\n<hr class=\"wp-block-separator has-alpha-channel-opacity\"\/>\n\n\n\n<p><strong id=\"4\">4. Premio especial<\/strong><\/p>\n\n\n\n<p>En este evento hay un personaje exclusivo de Rango A que puedes conseguir si alcanzas los 30.000 puntos en las Misiones de EP:&nbsp;<strong>Little Red.<\/strong><\/p>\n\n\n<div class=\"wp-block-image\">\n<figure class=\"aligncenter\"><img loading=\"lazy\" decoding=\"async\" width=\"300\" height=\"300\" src=\"https:\/\/phoboschildren.com\/lite\/wp-content\/uploads\/2017\/02\/Little-Red-Web-small.png\" alt=\"\" class=\"wp-image-717\" srcset=\"https:\/\/phoboschildren.com\/lite\/wp-content\/uploads\/2017\/02\/Little-Red-Web-small.png 300w, https:\/\/phoboschildren.com\/lite\/wp-content\/uploads\/2017\/02\/Little-Red-Web-small-150x150.png 150w\" sizes=\"auto, (max-width: 300px) 85vw, 300px\" \/><\/figure>\n<\/div>\n\n\n<p class=\"has-text-align-center\"><strong>ATK: <\/strong>250<br><strong>HP: <\/strong>3000<br><strong>Coste: <\/strong>22<br><strong>Skill Activa: <\/strong>C\u00e1mara lenta A<br>(reducci\u00f3n del 70% durante 5 segundos)<br><strong>Skill Pasiva: <\/strong>Relleno por chain A<br>(rellena el 2% de la barra cada chain)<\/p>\n\n\n\n<hr class=\"wp-block-separator has-alpha-channel-opacity\"\/>\n\n\n\n<p><strong id=\"5\">5. Gacha del evento<\/strong><\/p>\n\n\n\n<p>Durante el periodo del evento, los porcentajes de aparici\u00f3n para los Rangos A y S cambian de la siguiente forma:<\/p>\n\n\n\n<p><strong>Rango A:<\/strong> de 19% a 22%<br><strong>Rango S:<\/strong> de 1% a 3%.<\/p>\n\n\n\n<p>Estos son los personajes con bonificaci\u00f3n de EP incluidos en el Gacha Normal:<\/p>\n\n\n\n<p><strong>Rango C y D<\/strong>: Lobo, Dark Knight, Viking, Eru, Pino (EP x1.1)<br><img loading=\"lazy\" decoding=\"async\" class=\"alignnone wp-image-702\" src=\"https:\/\/phoboschildren.com\/lite\/wp-content\/uploads\/2017\/02\/m019.png\" alt=\"\" width=\"70\" height=\"105\">&nbsp;<img loading=\"lazy\" decoding=\"async\" class=\"alignnone wp-image-703\" src=\"https:\/\/phoboschildren.com\/lite\/wp-content\/uploads\/2017\/02\/m078.png\" alt=\"\" width=\"70\" height=\"105\">&nbsp;<img loading=\"lazy\" decoding=\"async\" class=\"alignnone wp-image-706\" src=\"https:\/\/phoboschildren.com\/lite\/wp-content\/uploads\/2017\/02\/m809.png\" alt=\"\" width=\"70\" height=\"105\">&nbsp;<img loading=\"lazy\" decoding=\"async\" class=\"alignnone wp-image-725\" src=\"https:\/\/phoboschildren.com\/lite\/wp-content\/uploads\/2017\/02\/m010.png\" alt=\"\" width=\"70\" height=\"105\">&nbsp;<img loading=\"lazy\" decoding=\"async\" class=\"alignnone wp-image-724\" src=\"https:\/\/phoboschildren.com\/lite\/wp-content\/uploads\/2017\/02\/m009.png\" alt=\"\" width=\"70\" height=\"105\"><\/p>\n\n\n\n<p>Y estos son los personajes con bonificaci\u00f3n de EP incluidos en el Gacha Especial:<\/p>\n\n\n\n<p><strong>Rango B<\/strong>: Monsterhythm (EP x1.2)<br><img loading=\"lazy\" decoding=\"async\" class=\"alignnone wp-image-705\" src=\"https:\/\/phoboschildren.com\/lite\/wp-content\/uploads\/2017\/02\/m808.png\" alt=\"\" width=\"70\" height=\"105\"><\/p>\n\n\n\n<p><strong>Rango A<\/strong>: OZ (EP x1.3)<br><img loading=\"lazy\" decoding=\"async\" class=\"alignnone wp-image-723\" src=\"https:\/\/phoboschildren.com\/lite\/wp-content\/uploads\/2017\/02\/m056.png\" alt=\"\" width=\"70\" height=\"105\"><\/p>\n\n\n\n<p><strong>Rango S<\/strong>: Maya (EP x1.5)<br><img loading=\"lazy\" decoding=\"async\" class=\"alignnone wp-image-722\" src=\"https:\/\/phoboschildren.com\/lite\/wp-content\/uploads\/2017\/02\/m071.png\" alt=\"\" width=\"70\" height=\"105\"><\/p>\n\n\n\n<p><em id=\"time\">NOTA: despu\u00e9s del evento, la habilidad pasiva &#8220;Multiplicador de EP&#8221; desaparecer\u00e1 y la habilidad pasiva de cada personaje volver\u00e1 a su valor original.&nbsp;<\/em><\/p>\n\n\n<div class=\"wp-block-image\">\n<figure class=\"aligncenter\"><img loading=\"lazy\" decoding=\"async\" width=\"500\" height=\"281\" src=\"https:\/\/phoboschildren.com\/lite\/wp-content\/uploads\/2017\/02\/Pixel-World-Web.png\" alt=\"\" class=\"wp-image-728\" srcset=\"https:\/\/phoboschildren.com\/lite\/wp-content\/uploads\/2017\/02\/Pixel-World-Web.png 500w, https:\/\/phoboschildren.com\/lite\/wp-content\/uploads\/2017\/02\/Pixel-World-Web-300x169.png 300w\" sizes=\"auto, (max-width: 500px) 85vw, 500px\" \/><\/figure>\n<\/div>\n\n\n<hr class=\"wp-block-separator has-alpha-channel-opacity\"\/>\n\n\n\n<p><a href=\"\/lite\/old-events-es\/\"><strong>Antiguos eventos<\/strong><\/a><\/p>\n","protected":false},"excerpt":{"rendered":"<p>NOTICIAS\u3000|\u3000GACHA\u3000|\u3000EVENTOS\u3000|\u3000AYUDA PIXEL WORLD (Comprueba la hora UTC) Calentamiento:2017.11.06 &#8211; 2017.11.11 (00:00 UTC) Periodo del evento:2017.11.11 &#8211; 2017.12.04 (00:00 UTC)Enfriamiento:2017.12.04 &nbsp;&#8211;&nbsp;2017.12.09 (00:00 UTC) \u00cdndice 1. Pantalla del evento2. Pantallas de historia3. Misiones de EP4. Premio especial5. Gacha del evento 1. Pantalla del evento La pantalla principal del evento tiene dos secciones, &#8220;Historia del evento&#8221; y &#8220;Consigue &hellip; <a href=\"https:\/\/phoboschildren.com\/lite\/event-info-es\/\" class=\"more-link\">Continue reading<span class=\"screen-reader-text\"> &#8220;Informaci\u00f3n del evento&#8221;<\/span><\/a><\/p>\n","protected":false},"author":1,"featured_media":0,"parent":0,"menu_order":0,"comment_status":"closed","ping_status":"closed","template":"","meta":{"footnotes":""},"class_list":["post-120","page","type-page","status-publish","hentry"],"_links":{"self":[{"href":"https:\/\/phoboschildren.com\/lite\/wp-json\/wp\/v2\/pages\/120","targetHints":{"allow":["GET"]}}],"collection":[{"href":"https:\/\/phoboschildren.com\/lite\/wp-json\/wp\/v2\/pages"}],"about":[{"href":"https:\/\/phoboschildren.com\/lite\/wp-json\/wp\/v2\/types\/page"}],"author":[{"embeddable":true,"href":"https:\/\/phoboschildren.com\/lite\/wp-json\/wp\/v2\/users\/1"}],"replies":[{"embeddable":true,"href":"https:\/\/phoboschildren.com\/lite\/wp-json\/wp\/v2\/comments?post=120"}],"version-history":[{"count":39,"href":"https:\/\/phoboschildren.com\/lite\/wp-json\/wp\/v2\/pages\/120\/revisions"}],"predecessor-version":[{"id":1170,"href":"https:\/\/phoboschildren.com\/lite\/wp-json\/wp\/v2\/pages\/120\/revisions\/1170"}],"wp:attachment":[{"href":"https:\/\/phoboschildren.com\/lite\/wp-json\/wp\/v2\/media?parent=120"}],"curies":[{"name":"wp","href":"https:\/\/api.w.org\/{rel}","templated":true}]}}