{"id":206,"date":"2017-06-26T23:49:01","date_gmt":"2017-06-26T14:49:01","guid":{"rendered":"http:\/\/phoboschildren.com\/lite\/?page_id=206"},"modified":"2018-02-11T11:30:55","modified_gmt":"2018-02-11T02:30:55","slug":"version-updates-es","status":"publish","type":"page","link":"https:\/\/phoboschildren.com\/lite\/version-updates-es\/","title":{"rendered":"Actualizaci\u00f3n de versiones"},"content":{"rendered":"<h5>v1.06 (2018.02.11)<\/h5>\n<p><a href=\"https:\/\/phoboschildren.com\/lite\/es\/\">VOLVER<\/a><\/p>\n<p>\u00a1Esta actualizaci\u00f3n incluye el evento \u201cFelices Fiestas\u201d! Incluye 12 nuevas misiones para disfrutar durante las vacaciones, y como recompensa por conseguir el perfect en todas las pantallas, un nuevo personaje: M\u00f3nica (Rango A).<\/p>\n<p>Otras actualizaciones:<br \/>\n&#8211; El personaje \u201cArcher\u201d cambia de ilustraci\u00f3n y pasa a llamarse \u201cSpear\u201d.<br \/>\n&#8211; El personaje \u201cHippeus\u201d cambia de ilustraci\u00f3n y pasa a llamarse \u201cRedum\u201d.<br \/>\n&#8211; Ilustraciones renovadas o revisadas: Pino, Hoplon, Blaze, Sheut, Chaser, Irina, Saori, Ieva, Polemarch, Miranda, Leon con casco, Ninlil, Oz, Heracles, Aphrodite, Zeus, Taro (perro) y Jake (lobo).<br \/>\n&#8211; La historia de \u201cPixel World\u201d ahora aparece en las misiones extra.<br \/>\n&#8211; Desde esta actualizaci\u00f3n dejamos de dar oficialmente soporte al iPhone 4S. Se podr\u00e1 jugar, pero la experiencia puede no ser \u00f3ptima. Sentimos las molestias.<\/p>\n<p>Correcci\u00f3n de bugs:<br \/>\n&#8211; Arreglado un problema por el que el contador de minerales pod\u00eda no mostrar el n\u00famero correcto tras recibir la recompensa diaria.<br \/>\n&#8211; Correcci\u00f3n de un bucle infinito al leer una historia en concreto desde el Data Center.<br \/>\n&#8211; Arreglado un bug que imped\u00eda mostrar un personaje en Data Center.<br \/>\n&#8211; Otras peque\u00f1as mejoras y actualizaciones.<\/p>\n<p>Seguimos trabajando en el Episodio 2 y en todas las mejoras de la futura versi\u00f3n 1.1, que ser\u00e1n muchas. \u00a1Gracias por vuestra paciencia!<\/p>\n<h5>v1.05 (2017.10.19)<\/h5>\n<p><a href=\"https:\/\/phoboschildren.com\/lite\/es\/\">VOLVER<\/a><\/p>\n<p><span style=\"font-weight: 400;\">\u00a1Este update incluye un nuevo evento: \u201cPixel World\u201d!<br \/>\n<\/span><span style=\"font-weight: 400;\">&#8211; Incluye cuatro nuevos personajes: Little Red (Caperucita Roja), Monsterhythm, Viking y Dark Knight.<br \/>\n<\/span><span style=\"font-weight: 400;\">&#8211; Con una nueva historia de ocho misiones, y un personaje de Rango A que se puede desbloquear con EP (\u201cEvent Points\u201d, puntos del evento).<\/span><\/p>\n<p><span style=\"font-weight: 400;\">Seguimos trabajando en el Episodio 2. \u00a1La historia de Reina, Shin, Aquiles y compa\u00f1\u00eda continuar\u00e1 muy pronto!<\/span><\/p>\n<p><span style=\"font-weight: 400;\">Otras actualizaciones:<br \/>\n<\/span><span style=\"font-weight: 400;\">&#8211; Hemos renovado la ilustraci\u00f3n de Maya.<br \/>\n<\/span><span style=\"font-weight: 400;\">&#8211; Ahora se puede acceder a \u201cTrial of the Gods\u201d desde la secci\u00f3n \u201cMisiones Extra\u201d.<\/span><\/p>\n<p><span style=\"font-weight: 400;\">Correcci\u00f3n de bugs:<br \/>\n<\/span><span style=\"font-weight: 400;\">&#8211; Correcci\u00f3n de una animaci\u00f3n en la pantalla de historia.<br \/>\n<\/span><span style=\"font-weight: 400;\">&#8211; Otras peque\u00f1as mejoras y actualizaciones.<\/span><\/p>\n<h5>v1.04 (2017.09.12)<\/h5>\n<p><a href=\"https:\/\/phoboschildren.com\/lite\/es\/\">VOLVER<\/a><\/p>\n<p><span style=\"font-weight: 400;\">\u00a1Este update incluye un nuevo evento: \u201cTrial of the Gods\u201d!<\/span><\/p>\n<p><span style=\"font-weight: 400;\">&#8211; Incluye seis nuevos personajes: Odiseo, Seth, Sobek, Argos, Apophis y Osiris.<br \/>\n<\/span><span style=\"font-weight: 400;\">&#8211; Con una nueva historia y ocho misiones nuevas, y dos personajes de Rango A que se pueden desbloquear con EP (Event Points, puntos del evento)<\/span><\/p>\n<p><span style=\"font-weight: 400;\">Ahora hay una nueva secci\u00f3n dentro de Historia: \u201cMisiones Extra\u201d, donde se pueden jugar las misiones de antiguos eventos. (Nota: si ya conseguiste todos los premios por Perfect en el evento, no podr\u00e1s recibirlos otra vez)<\/span><\/p>\n<p><span style=\"font-weight: 400;\">Tambi\u00e9n estamos trabajando en el Episodio 2. \u00a1La historia de Reina, Shin, Aquiles y compa\u00f1\u00eda continuar\u00e1 muy pronto!<\/span><\/p>\n<p><span style=\"font-weight: 400;\">Otras actualizaciones:<\/span><\/p>\n<p><span style=\"font-weight: 400;\">&#8211; En Data Center, ahora puedes conseguir premios por coleccionar sets de personajes correspondientes a los eventos y a los protagonistas del juego.<br \/>\n<\/span><span style=\"font-weight: 400;\">&#8211; Tambi\u00e9n en Data Center, ahora se puede acceder a la historia de las Misiones Extra.<\/span><\/p>\n<p><span style=\"font-weight: 400;\">Correcci\u00f3n de bugs:<\/span><\/p>\n<p><span style=\"font-weight: 400;\">&#8211; Por fin hemos resuelto (o eso esperamos) un raro bug que afectaba al relleno de la energ\u00eda de ciertos usuarios.<br \/>\n<\/span><span style=\"font-weight: 400;\">&#8211; Corregidos errores en las descripciones de algunas skills.<br \/>\n<\/span><span style=\"font-weight: 400;\">&#8211; Otras peque\u00f1as correcciones.<\/span><\/p>\n<h5>v1.03 (2017.07.14)<\/h5>\n<p><a href=\"https:\/\/phoboschildren.com\/lite\/es\/\">VOLVER<\/a><\/p>\n<p><span style=\"font-weight: 400;\">Correcci\u00f3n de bugs:<\/span><\/p>\n<p><span style=\"font-weight: 400;\">&#8211; Corregida una imagen de la historia del evento.<br \/>\n<\/span><span style=\"font-weight: 400;\">&#8211; A\u00f1adidas alertas de coste y de cantidad de personajes bajo el bot\u00f3n \u201cEmpezar\u201d, antes de entrar a las misiones. Corregido un bug en el interfaz.<br \/>\n<\/span><span style=\"font-weight: 400;\">&#8211; Ahora es posible jugar a las pantallas de Score Attack sin que aparezca la alerta de coste o la de cantidad de personajes.<br \/>\n<\/span><span style=\"font-weight: 400;\">&#8211; Corregidas algunas traducciones.<br \/>\n<\/span><span style=\"font-weight: 400;\">&#8211; Otras mejoras internas.<\/span><\/p>\n<h5>v1.02 (2017.07.13)<\/h5>\n<p><a href=\"https:\/\/phoboschildren.com\/lite\/es\/\">VOLVER<\/a><\/p>\n<p><span style=\"font-weight: 400;\">Correcci\u00f3n de bugs:<\/span><\/p>\n<p><span style=\"font-weight: 400;\">&#8211; Corregidas las im\u00e1genes de perfil de Goro y Christina.<br \/>\n<\/span>&#8211; Corregido un bug en el Gacha Normal.<br \/>\n<span style=\"font-weight: 400;\">&#8211; Equilibrado de personajes.<br \/>\n<\/span><span style=\"font-weight: 400;\">&#8211; Otras correcciones en los textos y la interfaz.<\/span><\/p>\n<h5>v1.01 (2017.07.01)<\/h5>\n<p><a href=\"https:\/\/phoboschildren.com\/lite\/es\/\">VOLVER<\/a><\/p>\n<p>Lista de mejoras:<\/p>\n<p>&#8211; A\u00f1adida una recompensa diaria (Daily Reward). Promoci\u00f3n de lanzamiento: 1 mineral al d\u00eda (\u00a1por tiempo limitado!)<br \/>\n&#8211; Primer evento: Tokyo Assassins.<br \/>\n&#8211; Misiones de Tiempo Limitado.<br \/>\n&#8211; Nuevas misiones en Score Attack, desde la 4 a la 15.<br \/>\n&#8211; Ahora las misiones pueden tener bonus temporales.<br \/>\n&#8211; A\u00f1adido algo muy secreto en V-City, que solo aparece de cuando en cuando.<br \/>\n&#8211; Mejoras en el tutorial.<br \/>\n&#8211; Ilustraciones de Christina y Himawari revisadas.<br \/>\n&#8211; A\u00f1adido un personaje de recompensa para los beta testers (Mirai, Rango A)<br \/>\n&#8211; A\u00f1adidos cuatro nuevos personajes: Sakura, Shizuka, Goro y Dek.<br \/>\n&#8211; A\u00f1adido un \u201cstopper\u201d al gacha especial (si sacas 10 personajes de rango B seguidos, el siguiente personaje ser\u00e1 de rango A o superior).<br \/>\n&#8211; A\u00f1adidas im\u00e1genes de personajes a las tiendas de V-City.<br \/>\n&#8211; Disponibles botones de redes sociales en el Home. Por favor, \u00a1ay\u00fadanos a dar a conocer Phobos Children!<br \/>\n&#8211; Ahora puedes o\u00edr tu propia m\u00fasica mientras juegas.<br \/>\n&#8211; Se puede acceder a los T\u00e9rminos y Condiciones desde \u201cInformaci\u00f3n de la cuenta\u201d (dentro de opciones).<br \/>\n&#8211; El iOS m\u00ednimo requerido pasa a ser 9.0.<br \/>\n&#8211; Phobos Children est\u00e1 ahora disponible tambi\u00e9n en las App Stores de M\u00e9xico, Reino Unido, Irlanda, Canad\u00e1, Australia y Nueva Zelanda.<\/p>\n<p>Bugs:<\/p>\n<p>&#8211; Corregido un bug en la recarga de energ\u00eda.<br \/>\n&#8211; Corregida la cuenta del tiempo de juego y tiempo de combate.<br \/>\n&#8211; Precios de la tienda de minerales corregidos (Euro)<br \/>\n&#8211; Corregidos textos y traducciones.<br \/>\n&#8211; Y algunas mejoras y correcciones m\u00e1s.<\/p>\n","protected":false},"excerpt":{"rendered":"<p>v1.06 (2018.02.11) VOLVER \u00a1Esta actualizaci\u00f3n incluye el evento \u201cFelices Fiestas\u201d! Incluye 12 nuevas misiones para disfrutar durante las vacaciones, y como recompensa por conseguir el perfect en todas las pantallas, un nuevo personaje: M\u00f3nica (Rango A). Otras actualizaciones: &#8211; El personaje \u201cArcher\u201d cambia de ilustraci\u00f3n y pasa a llamarse \u201cSpear\u201d. &#8211; El personaje \u201cHippeus\u201d cambia &hellip; <a href=\"https:\/\/phoboschildren.com\/lite\/version-updates-es\/\" class=\"more-link\">Continue reading<span class=\"screen-reader-text\"> &#8220;Actualizaci\u00f3n de versiones&#8221;<\/span><\/a><\/p>\n","protected":false},"author":1,"featured_media":0,"parent":0,"menu_order":0,"comment_status":"closed","ping_status":"closed","template":"","meta":{"footnotes":""},"class_list":["post-206","page","type-page","status-publish","hentry"],"_links":{"self":[{"href":"https:\/\/phoboschildren.com\/lite\/wp-json\/wp\/v2\/pages\/206","targetHints":{"allow":["GET"]}}],"collection":[{"href":"https:\/\/phoboschildren.com\/lite\/wp-json\/wp\/v2\/pages"}],"about":[{"href":"https:\/\/phoboschildren.com\/lite\/wp-json\/wp\/v2\/types\/page"}],"author":[{"embeddable":true,"href":"https:\/\/phoboschildren.com\/lite\/wp-json\/wp\/v2\/users\/1"}],"replies":[{"embeddable":true,"href":"https:\/\/phoboschildren.com\/lite\/wp-json\/wp\/v2\/comments?post=206"}],"version-history":[{"count":10,"href":"https:\/\/phoboschildren.com\/lite\/wp-json\/wp\/v2\/pages\/206\/revisions"}],"predecessor-version":[{"id":889,"href":"https:\/\/phoboschildren.com\/lite\/wp-json\/wp\/v2\/pages\/206\/revisions\/889"}],"wp:attachment":[{"href":"https:\/\/phoboschildren.com\/lite\/wp-json\/wp\/v2\/media?parent=206"}],"curies":[{"name":"wp","href":"https:\/\/api.w.org\/{rel}","templated":true}]}}