{"id":32,"date":"2016-08-26T15:39:36","date_gmt":"2016-08-26T06:39:36","guid":{"rendered":"http:\/\/phoboschildren.com\/lite\/?page_id=32"},"modified":"2022-08-29T22:24:27","modified_gmt":"2022-08-29T13:24:27","slug":"es","status":"publish","type":"page","link":"https:\/\/phoboschildren.com\/lite\/es\/","title":{"rendered":"Notificaciones"},"content":{"rendered":"<div class=\"wp-block-image\">\n<figure class=\"aligncenter\"><img loading=\"lazy\" decoding=\"async\" width=\"564\" height=\"120\" src=\"https:\/\/phoboschildren.com\/lite\/wp-content\/uploads\/2021\/06\/LiteNewsES.png\" alt=\"\" class=\"wp-image-1066\" srcset=\"https:\/\/phoboschildren.com\/lite\/wp-content\/uploads\/2021\/06\/LiteNewsES.png 564w, https:\/\/phoboschildren.com\/lite\/wp-content\/uploads\/2021\/06\/LiteNewsES-300x64.png 300w\" sizes=\"auto, (max-width: 564px) 85vw, 564px\" \/><\/figure>\n<\/div>\n\n\n<p class=\"has-text-align-center\"><strong>NOTICIAS<\/strong>\u3000|\u3000<strong><a href=\"https:\/\/phoboschildren.com\/lite\/gacha-info-es\/\" data-type=\"page\" data-id=\"116\">GACHA<\/a><\/strong>\u3000|\u3000<strong><a href=\"https:\/\/phoboschildren.com\/lite\/event-info-es\/\" data-type=\"page\" data-id=\"120\">EVENTOS<\/a><\/strong>\u3000|\u3000<strong><a href=\"https:\/\/phoboschildren.com\/lite\/help-es\/\" data-type=\"page\" data-id=\"36\">AYUDA<\/a><\/strong><\/p>\n\n\n\n<figure class=\"wp-block-image size-full\"><img loading=\"lazy\" decoding=\"async\" width=\"564\" height=\"35\" src=\"https:\/\/phoboschildren.com\/lite\/wp-content\/uploads\/2022\/08\/LiteSeparatorUpdateES.png\" alt=\"\" class=\"wp-image-1145\" srcset=\"https:\/\/phoboschildren.com\/lite\/wp-content\/uploads\/2022\/08\/LiteSeparatorUpdateES.png 564w, https:\/\/phoboschildren.com\/lite\/wp-content\/uploads\/2022\/08\/LiteSeparatorUpdateES-300x19.png 300w\" sizes=\"auto, (max-width: 564px) 85vw, 564px\" \/><\/figure>\n\n\n\n<div style=\"height:5px\" aria-hidden=\"true\" class=\"wp-block-spacer\"><\/div>\n\n\n\n<p>La versi\u00f3n 2.0 est\u00e1 en preparaci\u00f3n, e incluye nuevos modos de juego y un nuevo cap\u00edtulo de la historia. Muy pronto con vosotros.<a href=\"https:\/\/phoboschildren.com\/lite\/001-es\/\"> \u00a1Estad atentos!<\/a><\/p>\n\n\n\n<p><br><span id=\"time\"><\/span><\/p>\n","protected":false},"excerpt":{"rendered":"<p>NOTICIAS\u3000|\u3000GACHA\u3000|\u3000EVENTOS\u3000|\u3000AYUDA La versi\u00f3n 2.0 est\u00e1 en preparaci\u00f3n, e incluye nuevos modos de juego y un nuevo cap\u00edtulo de la historia. Muy pronto con vosotros. \u00a1Estad atentos!<\/p>\n","protected":false},"author":1,"featured_media":0,"parent":0,"menu_order":0,"comment_status":"closed","ping_status":"closed","template":"","meta":{"footnotes":""},"class_list":["post-32","page","type-page","status-publish","hentry"],"_links":{"self":[{"href":"https:\/\/phoboschildren.com\/lite\/wp-json\/wp\/v2\/pages\/32","targetHints":{"allow":["GET"]}}],"collection":[{"href":"https:\/\/phoboschildren.com\/lite\/wp-json\/wp\/v2\/pages"}],"about":[{"href":"https:\/\/phoboschildren.com\/lite\/wp-json\/wp\/v2\/types\/page"}],"author":[{"embeddable":true,"href":"https:\/\/phoboschildren.com\/lite\/wp-json\/wp\/v2\/users\/1"}],"replies":[{"embeddable":true,"href":"https:\/\/phoboschildren.com\/lite\/wp-json\/wp\/v2\/comments?post=32"}],"version-history":[{"count":114,"href":"https:\/\/phoboschildren.com\/lite\/wp-json\/wp\/v2\/pages\/32\/revisions"}],"predecessor-version":[{"id":1177,"href":"https:\/\/phoboschildren.com\/lite\/wp-json\/wp\/v2\/pages\/32\/revisions\/1177"}],"wp:attachment":[{"href":"https:\/\/phoboschildren.com\/lite\/wp-json\/wp\/v2\/media?parent=32"}],"curies":[{"name":"wp","href":"https:\/\/api.w.org\/{rel}","templated":true}]}}